{"id":4570,"date":"2022-05-16T22:41:20","date_gmt":"2022-05-16T22:41:20","guid":{"rendered":"https:\/\/wp.desarrollotunet.com\/wp51\/?page_id=4570"},"modified":"2024-02-26T09:09:37","modified_gmt":"2024-02-26T14:09:37","slug":"get-involved","status":"publish","type":"page","link":"https:\/\/www.fundaciontodosporlosninos.org\/es\/get-involved\/","title":{"rendered":"Invol\u00facrate"},"content":{"rendered":"<div data-elementor-type=\"wp-page\" data-elementor-id=\"4570\" class=\"elementor elementor-4570\" data-elementor-post-type=\"page\">\n\t\t\t\t\t\t<section class=\"elementor-section elementor-top-section elementor-element elementor-element-5c60505 elementor-section-stretched elementor-section-boxed elementor-section-height-default elementor-section-height-default\" data-id=\"5c60505\" data-element_type=\"section\" data-settings=\"{&quot;stretch_section&quot;:&quot;section-stretched&quot;}\">\n\t\t\t\t\t\t<div class=\"elementor-container elementor-column-gap-default\">\n\t\t\t\t\t<div class=\"elementor-column elementor-col-33 elementor-top-column elementor-element elementor-element-2cae9cb\" data-id=\"2cae9cb\" data-element_type=\"column\">\n\t\t\t<div class=\"elementor-widget-wrap\">\n\t\t\t\t\t\t\t<\/div>\n\t\t<\/div>\n\t\t\t\t<div class=\"elementor-column elementor-col-33 elementor-top-column elementor-element elementor-element-380fed2 get-involved\" data-id=\"380fed2\" data-element_type=\"column\">\n\t\t\t<div class=\"elementor-widget-wrap elementor-element-populated\">\n\t\t\t\t\t\t<div class=\"elementor-element elementor-element-d7fd222 elementor-widget elementor-widget-image\" data-id=\"d7fd222\" data-element_type=\"widget\" data-widget_type=\"image.default\">\n\t\t\t\t<div class=\"elementor-widget-container\">\n\t\t\t\t\t\t\t\t\t\t\t\t\t<img decoding=\"async\" src=\"https:\/\/www.fundaciontodosporlosninos.org\/wp-content\/uploads\/elementor\/thumbs\/logo-qkdol5k9habqkky2lrs93wz6pmjuzhlezxr17udbm4.png\" title=\"logo\" alt=\"logo\" loading=\"lazy\" \/>\t\t\t\t\t\t\t\t\t\t\t\t\t<\/div>\n\t\t\t\t<\/div>\n\t\t\t\t<div class=\"elementor-element elementor-element-06cc0a3 elementor-widget elementor-widget-shortcode\" data-id=\"06cc0a3\" data-element_type=\"widget\" data-widget_type=\"shortcode.default\">\n\t\t\t\t<div class=\"elementor-widget-container\">\n\t\t\t\t\t<div class=\"elementor-shortcode\"><div class=\"wpforms-container wpforms-container-full\" id=\"wpforms-5093\"><form id=\"wpforms-form-5093\" class=\"wpforms-validate wpforms-form\" data-formid=\"5093\" method=\"post\" enctype=\"multipart\/form-data\" action=\"\/es\/wp-json\/wp\/v2\/pages\/4570\" data-token=\"04b555542ad0a7fa57365b3e5285337a\" data-token-time=\"1776356270\" data-trp-original-action=\"\/es\/wp-json\/wp\/v2\/pages\/4570\"><noscript class=\"wpforms-error-noscript\">Por favor, activa JavaScript en tu navegador para completar este formulario.<\/noscript><div class=\"wpforms-field-container\"><div id=\"wpforms-5093-field_1-container\" class=\"wpforms-field wpforms-field-name\" data-field-id=\"1\"><label class=\"wpforms-field-label\" for=\"wpforms-5093-field_1\">Nombre <span class=\"wpforms-required-label\">*<\/span><\/label><div class=\"wpforms-field-row wpforms-field-large\"><div class=\"wpforms-field-row-block wpforms-first wpforms-one-half\"><input type=\"text\" id=\"wpforms-5093-field_1\" class=\"wpforms-field-name-first wpforms-field-required\" name=\"wpforms[fields][1][first]\" required><label for=\"wpforms-5093-field_1\" class=\"wpforms-field-sublabel after\">Nombre<\/label><\/div><div class=\"wpforms-field-row-block wpforms-one-half\"><input type=\"text\" id=\"wpforms-5093-field_1-last\" class=\"wpforms-field-name-last wpforms-field-required\" name=\"wpforms[fields][1][last]\" required><label for=\"wpforms-5093-field_1-last\" class=\"wpforms-field-sublabel after\">Apellidos<\/label><\/div><\/div><\/div><div id=\"wpforms-5093-field_3-container\" class=\"wpforms-field wpforms-field-email wpforms-one-half wpforms-first\" data-field-id=\"3\"><label class=\"wpforms-field-label\" for=\"wpforms-5093-field_3\">Correo electr\u00f3nico <span class=\"wpforms-required-label\">*<\/span><\/label><input type=\"email\" id=\"wpforms-5093-field_3\" class=\"wpforms-field-large wpforms-field-required\" name=\"wpforms[fields][3]\" spellcheck=\"false\" required><\/div><div id=\"wpforms-5093-field_6-container\" class=\"wpforms-field wpforms-field-phone wpforms-one-half\" data-field-id=\"6\"><label class=\"wpforms-field-label\" for=\"wpforms-5093-field_6\">Tel\u00e9fono <span class=\"wpforms-required-label\">*<\/span><\/label><input type=\"tel\" id=\"wpforms-5093-field_6\" class=\"wpforms-field-large wpforms-field-required wpforms-smart-phone-field\" data-rule-smart-phone-field=\"true\" name=\"wpforms[fields][6]\" aria-label=\"Tel\u00e9fono\" required><\/div><div id=\"wpforms-5093-field_5-container\" class=\"wpforms-field wpforms-field-textarea\" data-field-id=\"5\"><label class=\"wpforms-field-label\" for=\"wpforms-5093-field_5\">Short Bio<\/label><textarea id=\"wpforms-5093-field_5\" class=\"wpforms-field-small\" name=\"wpforms[fields][5]\" ><\/textarea><div class=\"wpforms-field-description\">Share a little information about yourself.<\/div><\/div><div id=\"wpforms-5093-field_7-container\" class=\"wpforms-field wpforms-field-select wpforms-one-half wpforms-first wpforms-field-select-style-classic\" data-field-id=\"7\"><label class=\"wpforms-field-label\" for=\"wpforms-5093-field_7\">G\u00e9nero <span class=\"wpforms-required-label\">*<\/span><\/label><select id=\"wpforms-5093-field_7\" class=\"wpforms-field-large wpforms-field-required\" name=\"wpforms[fields][7]\" required=\"required\"><option value=\"Select\"  selected='selected'>Seleccione<\/option><option value=\"Male\" >Masculino<\/option><option value=\"Female\" >Femenino<\/option><option value=\"Other\" >Otros<\/option><\/select><\/div><div id=\"wpforms-5093-field_8-container\" class=\"wpforms-field wpforms-field-select wpforms-one-half wpforms-field-select-style-classic\" data-field-id=\"8\"><label class=\"wpforms-field-label\" for=\"wpforms-5093-field_8\">Grupo de Edades <span class=\"wpforms-required-label\">*<\/span><\/label><select id=\"wpforms-5093-field_8\" class=\"wpforms-field-large wpforms-field-required\" name=\"wpforms[fields][8]\" required=\"required\"><option value=\"Select\"  selected='selected'>Seleccione<\/option><option value=\"18 - 24\" >18 - 24<\/option><option value=\"25 - 40\" >25 - 40<\/option><option value=\"40+\" >40+<\/option><\/select><\/div><div id=\"wpforms-5093-field_9-container\" class=\"wpforms-field wpforms-field-address\" data-field-id=\"9\"><label class=\"wpforms-field-label\" for=\"wpforms-5093-field_9\">Direcci\u00f3n <span class=\"wpforms-required-label\">*<\/span><\/label><div class=\"wpforms-field-row wpforms-field-large\"><div ><input type=\"text\" id=\"wpforms-5093-field_9\" class=\"wpforms-field-address-address1 wpforms-field-required\" name=\"wpforms[fields][9][address1]\" required><label for=\"wpforms-5093-field_9\" class=\"wpforms-field-sublabel after\">Direcci\u00f3n (l\u00ednea 1)<\/label><\/div><\/div><div class=\"wpforms-field-row wpforms-field-large\"><div class=\"wpforms-field-row-block wpforms-one-half wpforms-first\"><input type=\"text\" id=\"wpforms-5093-field_9-city\" class=\"wpforms-field-address-city wpforms-field-required\" name=\"wpforms[fields][9][city]\" required><label for=\"wpforms-5093-field_9-city\" class=\"wpforms-field-sublabel after\">Ciudad<\/label><\/div><div class=\"wpforms-field-row-block wpforms-one-half\"><input type=\"text\" id=\"wpforms-5093-field_9-state\" class=\"wpforms-field-address-state wpforms-field-required\" name=\"wpforms[fields][9][state]\" required><label for=\"wpforms-5093-field_9-state\" class=\"wpforms-field-sublabel after\">Estado \/ Provincia \/ Regi\u00f3n<\/label><\/div><\/div><div class=\"wpforms-field-row wpforms-field-large\"><div class=\"wpforms-field-row-block wpforms-one-half wpforms-first\"><input type=\"text\" id=\"wpforms-5093-field_9-postal\" class=\"wpforms-field-address-postal wpforms-field-required\" name=\"wpforms[fields][9][postal]\" required><label for=\"wpforms-5093-field_9-postal\" class=\"wpforms-field-sublabel after\">C\u00f3digo postal<\/label><\/div><div class=\"wpforms-field-row-block wpforms-one-half\"><select id=\"wpforms-5093-field_9-country\" class=\"wpforms-field-address-country wpforms-field-required\" name=\"wpforms[fields][9][country]\" required><option class=\"placeholder\" value=\"\" selected disabled>--- Selecciona country ---<\/option><option value=\"AF\" >Afganist\u00e1n<\/option><option value=\"AL\" >Albania<\/option><option value=\"DE\" >Alemania<\/option><option value=\"AD\" >Andorra<\/option><option value=\"AO\" >Angola<\/option><option value=\"AI\" >Anguila<\/option><option value=\"AG\" >Antigua y Barbuda<\/option><option value=\"AQ\" >Ant\u00e1rtica<\/option><option value=\"DZ\" >Argelia<\/option><option value=\"AR\" >Argentina<\/option><option value=\"AM\" >Armenia<\/option><option value=\"AW\" >Aruba<\/option><option value=\"AU\" >Australia<\/option><option value=\"AT\" >Austria<\/option><option value=\"AZ\" >Azerbaiy\u00e1n<\/option><option value=\"BS\" >Bahamas<\/option><option value=\"BD\" >Bangladesh<\/option><option value=\"BB\" >Barbados<\/option><option value=\"BH\" >Bar\u00e9in<\/option><option value=\"BZ\" >Belize<\/option><option value=\"BJ\" >Ben\u00edn<\/option><option value=\"BM\" >Bermudas<\/option><option value=\"BY\" >Bielorrusia<\/option><option value=\"BO\" >Bolivia (Estado Plurinacional de)<\/option><option value=\"BQ\" >Bonaire, San Eustaquio y Saba<\/option><option value=\"BA\" >Bosnia y Herzegovina<\/option><option value=\"BW\" >Botsuana<\/option><option value=\"BR\" >Brasil<\/option><option value=\"BN\" >Brunei Darussalam<\/option><option value=\"BG\" >Bulgaria<\/option><option value=\"BF\" >Burkina Faso<\/option><option value=\"BI\" >Burundi<\/option><option value=\"BT\" >But\u00e1n<\/option><option value=\"BE\" >B\u00e9lgica<\/option><option value=\"CV\" >Cabo Verde<\/option><option value=\"KH\" >Camboya<\/option><option value=\"CM\" >Camer\u00fan<\/option><option value=\"CA\" >Canad\u00e1<\/option><option value=\"TD\" >Chad<\/option><option value=\"CL\" >Chile<\/option><option value=\"CN\" >China<\/option><option value=\"CY\" >Chipre<\/option><option value=\"CO\" >Colombia<\/option><option value=\"KM\" >Comoras<\/option><option value=\"CG\" >Congo<\/option><option value=\"CD\" >Congo (Rep\u00fablica Democr\u00e1tica del)<\/option><option value=\"KR\" >Corea (Rep\u00fablica de)<\/option><option value=\"KP\" >Corea del Norte<\/option><option value=\"CR\" >Costa Rica<\/option><option value=\"CI\" >Costa de Marfil<\/option><option value=\"HR\" >Croacia<\/option><option value=\"CU\" >Cuba<\/option><option value=\"CW\" >Curazao<\/option><option value=\"DK\" >Dinamarca<\/option><option value=\"DM\" >Dominica<\/option><option value=\"EC\" >Ecuador<\/option><option value=\"EG\" >Egipto<\/option><option value=\"SV\" >El Salvador<\/option><option value=\"AE\" >Emiratos \u00c1rabes Unidos<\/option><option value=\"ER\" >Eritrea<\/option><option value=\"SK\" >Eslovaquia<\/option><option value=\"SI\" >Eslovenia<\/option><option value=\"ES\" >Espa\u00f1a<\/option><option value=\"VA\" >Estado de la Ciudad del Vaticano<\/option><option value=\"US\" >Estados Unidos de America<\/option><option value=\"EE\" >Estonia<\/option><option value=\"ET\" >Etiop\u00eda<\/option><option value=\"RU\" >Federaci\u00f3n Rusa<\/option><option value=\"FJ\" >Fiji<\/option><option value=\"PH\" >Filipinas<\/option><option value=\"FI\" >Finlandia<\/option><option value=\"FR\" >Francia<\/option><option value=\"GA\" >Gab\u00f3n<\/option><option value=\"GM\" >Gambia<\/option><option value=\"GE\" >Georgia<\/option><option value=\"GH\" >Ghana<\/option><option value=\"GI\" >Gibraltar<\/option><option value=\"GD\" >Granada<\/option><option value=\"GR\" >Grecia<\/option><option value=\"GL\" >Groenlandia<\/option><option value=\"GP\" >Guadalupe<\/option><option value=\"GU\" >Guam<\/option><option value=\"GT\" >Guatemala<\/option><option value=\"GF\" >Guayana Francesa<\/option><option value=\"GG\" >Guernsey<\/option><option value=\"GN\" >Guinea<\/option><option value=\"GQ\" >Guinea Ecuatorial<\/option><option value=\"GW\" >Guinea-Bis\u00e1u<\/option><option value=\"GY\" >Guyana<\/option><option value=\"HT\" >Hait\u00ed<\/option><option value=\"HN\" >Honduras<\/option><option value=\"HK\" >Hong Kong<\/option><option value=\"HU\" >Hungr\u00eda<\/option><option value=\"IN\" >India<\/option><option value=\"ID\" >Indonesia<\/option><option value=\"IQ\" >Iraq<\/option><option value=\"IE\" >Irlanda (Rep\u00fablica de)<\/option><option value=\"IR\" >Ir\u00e1n (Rep\u00fablica Isl\u00e1mica de)<\/option><option value=\"BV\" >Isla Bouvet<\/option><option value=\"NF\" >Isla Norfolk<\/option><option value=\"IM\" >Isla de Man<\/option><option value=\"CX\" >Isla de Navidad<\/option><option value=\"IS\" >Islandia<\/option><option value=\"KY\" >Islas Caim\u00e1n<\/option><option value=\"CC\" >Islas Cocos<\/option><option value=\"CK\" >Islas Cook<\/option><option value=\"FO\" >Islas Faroe<\/option><option value=\"HM\" >Islas Heard y McDonald<\/option><option value=\"FK\" >Islas Malvinas (Falkland)<\/option><option value=\"MP\" >Islas Marianas del Norte<\/option><option value=\"MH\" >Islas Marshall<\/option><option value=\"SB\" >Islas Salom\u00f3n<\/option><option value=\"TC\" >Islas Turcas y Caicos<\/option><option value=\"UM\" >Islas Ultramarinas Menores de Estados Unidos<\/option><option value=\"VI\" >Islas V\u00edrgenes (EE.UU.)<\/option><option value=\"VG\" >Islas V\u00edrgenes (brit\u00e1nicas)<\/option><option value=\"GS\" >Islas del sur de Georgia y del sur de Sandwich<\/option><option value=\"AX\" >Islas \u00c5land<\/option><option value=\"IL\" >Israel<\/option><option value=\"IT\" >Italia<\/option><option value=\"JM\" >Jamaica<\/option><option value=\"JP\" >Jap\u00f3n<\/option><option value=\"JE\" >Jersey<\/option><option value=\"JO\" >Jordania<\/option><option value=\"QA\" >Katar<\/option><option value=\"KZ\" >Kazajist\u00e1n<\/option><option value=\"KE\" >Kenia<\/option><option value=\"KG\" >Kirguist\u00e1n<\/option><option value=\"KI\" >Kiribati<\/option><option value=\"XK\" >Kosovo<\/option><option value=\"KW\" >Kuwait<\/option><option value=\"LS\" >Lesoto<\/option><option value=\"LV\" >Letonia<\/option><option value=\"LR\" >Liberia<\/option><option value=\"LY\" >Libia<\/option><option value=\"LI\" >Liechtenstein<\/option><option value=\"LT\" >Lituania<\/option><option value=\"LU\" >Luxemburgo<\/option><option value=\"LB\" >L\u00edbano<\/option><option value=\"MO\" >Macao<\/option><option value=\"MK\" >Macedonia del Norte (Rep\u00fablica de)<\/option><option value=\"MG\" >Madagascar<\/option><option value=\"MY\" >Malasia<\/option><option value=\"MW\" >Malaui<\/option><option value=\"MV\" >Maldivas<\/option><option value=\"ML\" >Mali<\/option><option value=\"MT\" >Malta<\/option><option value=\"MA\" >Marruecos<\/option><option value=\"MQ\" >Martinica<\/option><option value=\"MU\" >Mauricio<\/option><option value=\"MR\" >Mauritania<\/option><option value=\"YT\" >Mayotte<\/option><option value=\"FM\" >Micronesia (Estados Federados de)<\/option><option value=\"MD\" >Moldavia (Rep\u00fablica de)<\/option><option value=\"MN\" >Mongolia<\/option><option value=\"ME\" >Montenegro<\/option><option value=\"MS\" >Montserrat<\/option><option value=\"MZ\" >Mozambique<\/option><option value=\"MM\" >Myanmar<\/option><option value=\"MX\" >M\u00e9xico<\/option><option value=\"MC\" >M\u00f3naco<\/option><option value=\"NA\" >Namibia<\/option><option value=\"NR\" >Nauru<\/option><option value=\"NP\" >Nepal<\/option><option value=\"NI\" >Nicaragua<\/option><option value=\"NG\" >Nigeria<\/option><option value=\"NU\" >Niue<\/option><option value=\"NO\" >Noruega<\/option><option value=\"NC\" >Nueva Caledonia<\/option><option value=\"NZ\" >Nueva Zelanda<\/option><option value=\"NE\" >N\u00edger<\/option><option value=\"OM\" >Om\u00e1n<\/option><option value=\"PK\" >Pakist\u00e1n<\/option><option value=\"PW\" >Palau<\/option><option value=\"PS\" >Palestina (Estado de)<\/option><option value=\"PA\" >Panam\u00e1<\/option><option value=\"PG\" >Pap\u00faa Nueva Guinea<\/option><option value=\"PY\" >Paraguay<\/option><option value=\"NL\" >Pa\u00edses Bajos<\/option><option value=\"PE\" >Per\u00fa<\/option><option value=\"PN\" >Pitcairn<\/option><option value=\"PF\" >Polinesia Francesa<\/option><option value=\"PL\" >Polonia<\/option><option value=\"PT\" >Portugal<\/option><option value=\"PR\" >Puerto Rico<\/option><option value=\"GB\" >Reino Unido de Gran Breta\u00f1a e Irlanda del Norte<\/option><option value=\"CF\" >Rep\u00fablica Central de \u00c1frica<\/option><option value=\"CZ\" >Rep\u00fablica Checa<\/option><option value=\"DO\" >Rep\u00fablica Dominicana<\/option><option value=\"LA\" >Rep\u00fablica Popular Democr\u00e1tica de Laos<\/option><option value=\"SY\" >Rep\u00fablica \u00c1rabe Siria<\/option><option value=\"RE\" >Reuni\u00f3n<\/option><option value=\"RW\" >Ruanda<\/option><option value=\"RO\" >Ruman\u00eda<\/option><option value=\"KN\" >Saint Kitts y Nevis<\/option><option value=\"WS\" >Samoa<\/option><option value=\"AS\" >Samoa Americana<\/option><option value=\"BL\" >San Bartolom\u00e9<\/option><option value=\"SM\" >San Marino<\/option><option value=\"MF\" >San Mart\u00edn (parte francesa)<\/option><option value=\"SX\" >San Mart\u00edn (parte holandesa)<\/option><option value=\"PM\" >San Pedro y Miquel\u00f3n<\/option><option value=\"VC\" >San Vicente y las Granadinas<\/option><option value=\"SH\" >Santa Elena, Ascensi\u00f3n y Trist\u00e1n de Acu\u00f1a<\/option><option value=\"LC\" >Santa Luc\u00eda<\/option><option value=\"ST\" >Santo Tom\u00e9 y Pr\u00edncipe<\/option><option value=\"SA\" >Saud\u00ed Arabia<\/option><option value=\"SN\" >Senegal<\/option><option value=\"RS\" >Serbia<\/option><option value=\"SC\" >Seychelles<\/option><option value=\"SL\" >Sierra Leona<\/option><option value=\"SG\" >Singapur<\/option><option value=\"SO\" >Somalia<\/option><option value=\"LK\" >Sri Lanka<\/option><option value=\"SZ\" >Suazilandia (Reino de)<\/option><option value=\"ZA\" >Sud\u00e1frica<\/option><option value=\"SD\" >Sud\u00e1n<\/option><option value=\"SS\" >Sud\u00e1n del sur<\/option><option value=\"SE\" >Suecia<\/option><option value=\"CH\" >Suiza<\/option><option value=\"SR\" >Surinam<\/option><option value=\"SJ\" >Svalbard y Jan Mayen<\/option><option value=\"EH\" >S\u00e1hara Occidental<\/option><option value=\"TH\" >Tailandia<\/option><option value=\"TW\" >Taiw\u00e1n, Rep\u00fablica de China<\/option><option value=\"TZ\" >Tanzania (Rep\u00fablica Unida de)<\/option><option value=\"TJ\" >Tayikist\u00e1n<\/option><option value=\"IO\" >Territorio Brit\u00e1nico del Oc\u00e9ano \u00cdndico<\/option><option value=\"TF\" >Tierras Australes y Ant\u00e1rticas Francesas<\/option><option value=\"TL\" >Timor-Leste<\/option><option value=\"TG\" >Togo<\/option><option value=\"TK\" >Tokelau<\/option><option value=\"TO\" >Tonga<\/option><option value=\"TT\" >Trinidad y Tobago<\/option><option value=\"TM\" >Turkmenist\u00e1n<\/option><option value=\"TV\" >Tuvalu<\/option><option value=\"TN\" >T\u00fanez<\/option><option value=\"TR\" >T\u00fcrkiye<\/option><option value=\"UA\" >Ucrania<\/option><option value=\"UG\" >Uganda<\/option><option value=\"UY\" >Uruguay<\/option><option value=\"UZ\" >Uzbekist\u00e1n<\/option><option value=\"VU\" >Vanuatu<\/option><option value=\"VE\" >Venezuela (Rep\u00fablica Bolivariana de)<\/option><option value=\"VN\" >Vietnam<\/option><option value=\"WF\" >Wallis y Futuna<\/option><option value=\"YE\" >Yemen<\/option><option value=\"DJ\" >Yibuti<\/option><option value=\"ZM\" >Zambia<\/option><option value=\"ZW\" >Zimbabue<\/option><\/select><label for=\"wpforms-5093-field_9-country\" class=\"wpforms-field-sublabel after\">Pa\u00eds<\/label><\/div><\/div><\/div><div id=\"wpforms-5093-field_10-container\" class=\"wpforms-field wpforms-field-select wpforms-one-half wpforms-first wpforms-field-select-style-classic\" data-field-id=\"10\"><label class=\"wpforms-field-label\" for=\"wpforms-5093-field_10\">\u00bfQu\u00e9 d\u00edas puede trabajar? <span class=\"wpforms-required-label\">*<\/span><\/label><select id=\"wpforms-5093-field_10\" class=\"wpforms-field-large wpforms-field-required\" name=\"wpforms[fields][10]\" required=\"required\"><option value=\"Select\"  selected='selected'>Seleccione<\/option><option value=\"All week\" >Toda la semana<\/option><option value=\"Monday - Friday\" >Lunes - Viernes<\/option><option value=\"Weekend\" >Fin de semana<\/option><\/select><\/div><div id=\"wpforms-5093-field_11-container\" class=\"wpforms-field wpforms-field-select wpforms-one-half wpforms-conditional-trigger wpforms-field-select-style-classic\" data-field-id=\"11\"><label class=\"wpforms-field-label\" for=\"wpforms-5093-field_11\">\u00bfA qu\u00e9 hora puedes trabajar? <span class=\"wpforms-required-label\">*<\/span><\/label><select id=\"wpforms-5093-field_11\" class=\"wpforms-field-large wpforms-field-required\" name=\"wpforms[fields][11]\" required=\"required\"><option value=\"Select\"  selected='selected'>Seleccione<\/option><option value=\"Any time\" >En cualquier momento<\/option><option value=\"8:00 a.m - 12:00 p.m\" >8:00 a.m - 12:00 p.m<\/option><option value=\"1:00 p.m - 5:00 p.m\" >1:00 p.m - 5:00 p.m<\/option><option value=\"Other\" >Otros<\/option><\/select><\/div><div id=\"wpforms-5093-field_12-container\" class=\"wpforms-field wpforms-field-textarea wpforms-conditional-field wpforms-conditional-show\" data-field-id=\"12\" style=\"display:none;\"><label class=\"wpforms-field-label\" for=\"wpforms-5093-field_12\">Please specify what times you are available to work<\/label><textarea id=\"wpforms-5093-field_12\" class=\"wpforms-field-small wpforms-limit-characters-enabled\" data-form-id=\"5093\" data-field-id=\"12\" data-text-limit=\"1\" name=\"wpforms[fields][12]\" maxlength=\"1\" ><\/textarea><\/div><\/div><!-- .wpforms-field-container --><div class=\"wpforms-recaptcha-container wpforms-is-recaptcha wpforms-is-recaptcha-type-v2\" ><div class=\"g-recaptcha\" data-sitekey=\"6Lc1y9AZAAAAAE-rHU3hcdwBwiFK4FxPz_6YaXQa\"><\/div><input type=\"text\" name=\"g-recaptcha-hidden\" class=\"wpforms-recaptcha-hidden\" style=\"position:absolute!important;clip:rect(0,0,0,0)!important;height:1px!important;width:1px!important;border:0!important;overflow:hidden!important;padding:0!important;margin:0!important;\" data-rule-recaptcha=\"1\"><\/div><div class=\"wpforms-submit-container\" ><input type=\"hidden\" name=\"wpforms[id]\" value=\"5093\"><input type=\"hidden\" name=\"page_title\" value=\"\"><input type=\"hidden\" name=\"page_url\" value=\"https:\/\/www.fundaciontodosporlosninos.org\/es\/wp-json\/wp\/v2\/pages\/4570\"><button type=\"submit\" name=\"wpforms[submit]\" id=\"wpforms-submit-5093\" class=\"wpforms-submit\" aria-live=\"assertive\" value=\"wpforms-submit\">Submit<\/button><\/div><input type=\"hidden\" name=\"trp-form-language\" value=\"es\"\/><\/form><\/div>  <!-- .wpforms-container --><\/div>\n\t\t\t\t<\/div>\n\t\t\t\t<\/div>\n\t\t\t\t\t<\/div>\n\t\t<\/div>\n\t\t\t\t<div class=\"elementor-column elementor-col-33 elementor-top-column elementor-element elementor-element-cee6a5d\" data-id=\"cee6a5d\" data-element_type=\"column\">\n\t\t\t<div class=\"elementor-widget-wrap\">\n\t\t\t\t\t\t\t<\/div>\n\t\t<\/div>\n\t\t\t\t\t<\/div>\n\t\t<\/section>\n\t\t\t\t<\/div>","protected":false},"excerpt":{"rendered":"","protected":false},"author":1,"featured_media":0,"parent":0,"menu_order":0,"comment_status":"closed","ping_status":"closed","template":"","meta":{"give_campaign_id":0,"footnotes":""},"class_list":["post-4570","page","type-page","status-publish","hentry"],"campaignId":"","_links":{"self":[{"href":"https:\/\/www.fundaciontodosporlosninos.org\/es\/wp-json\/wp\/v2\/pages\/4570","targetHints":{"allow":["GET"]}}],"collection":[{"href":"https:\/\/www.fundaciontodosporlosninos.org\/es\/wp-json\/wp\/v2\/pages"}],"about":[{"href":"https:\/\/www.fundaciontodosporlosninos.org\/es\/wp-json\/wp\/v2\/types\/page"}],"author":[{"embeddable":true,"href":"https:\/\/www.fundaciontodosporlosninos.org\/es\/wp-json\/wp\/v2\/users\/1"}],"replies":[{"embeddable":true,"href":"https:\/\/www.fundaciontodosporlosninos.org\/es\/wp-json\/wp\/v2\/comments?post=4570"}],"version-history":[{"count":35,"href":"https:\/\/www.fundaciontodosporlosninos.org\/es\/wp-json\/wp\/v2\/pages\/4570\/revisions"}],"predecessor-version":[{"id":6652,"href":"https:\/\/www.fundaciontodosporlosninos.org\/es\/wp-json\/wp\/v2\/pages\/4570\/revisions\/6652"}],"wp:attachment":[{"href":"https:\/\/www.fundaciontodosporlosninos.org\/es\/wp-json\/wp\/v2\/media?parent=4570"}],"curies":[{"name":"wp","href":"https:\/\/api.w.org\/{rel}","templated":true}]}}