{"id":3065,"date":"2021-02-19T03:19:16","date_gmt":"2021-02-19T03:19:16","guid":{"rendered":"http:\/\/demo.ovathemes.com\/asting\/?page_id=3065"},"modified":"2025-09-22T17:07:43","modified_gmt":"2025-09-22T21:07:43","slug":"about","status":"publish","type":"page","link":"https:\/\/www.fundaciontodosporlosninos.org\/es\/about\/","title":{"rendered":"Nosotros"},"content":{"rendered":"<div data-elementor-type=\"wp-page\" data-elementor-id=\"3065\" class=\"elementor elementor-3065\" data-elementor-post-type=\"page\">\n\t\t\t\t\t\t<section class=\"elementor-section elementor-top-section elementor-element elementor-element-0983977 elementor-section-boxed elementor-section-height-default elementor-section-height-default\" data-id=\"0983977\" data-element_type=\"section\" data-settings=\"{&quot;background_background&quot;:&quot;classic&quot;}\">\n\t\t\t\t\t\t<div class=\"elementor-container elementor-column-gap-default\">\n\t\t\t\t\t<div class=\"elementor-column elementor-col-100 elementor-top-column elementor-element elementor-element-4312b34\" data-id=\"4312b34\" data-element_type=\"column\">\n\t\t\t<div class=\"elementor-widget-wrap elementor-element-populated\">\n\t\t\t\t\t\t<div class=\"elementor-element elementor-element-337118f elementor-widget elementor-widget-ova_heading\" data-id=\"337118f\" data-element_type=\"widget\" data-widget_type=\"ova_heading.default\">\n\t\t\t\t<div class=\"elementor-widget-container\">\n\t\t\t\t\t<div class=\"ova-heading\">\n\n\t\t\t\t\t\t\t<h4 class=\"sub_title thrid_font\">\u201cCARLITOS JIMENEZ\u201d<\/h4>\n\t\t\t\t\t\t\n\t\t\t\t\t\t\t<h2 class=\"title second_font\">Torneo de golf<\/h2>\n\t\t\t\n\t\t\t\n\t\t<\/div>\n\t\t\t\t<\/div>\n\t\t\t\t<\/div>\n\t\t\t\t\t<\/div>\n\t\t<\/div>\n\t\t\t\t\t<\/div>\n\t\t<\/section>\n\t\t\t\t<section class=\"elementor-section elementor-top-section elementor-element elementor-element-690887e elementor-section-boxed elementor-section-height-default elementor-section-height-default\" data-id=\"690887e\" data-element_type=\"section\">\n\t\t\t\t\t\t<div class=\"elementor-container elementor-column-gap-default\">\n\t\t\t\t\t<div class=\"elementor-column elementor-col-50 elementor-top-column elementor-element elementor-element-6699a04\" data-id=\"6699a04\" data-element_type=\"column\">\n\t\t\t<div class=\"elementor-widget-wrap elementor-element-populated\">\n\t\t\t\t\t\t<div class=\"elementor-element elementor-element-fc6529e elementor-widget elementor-widget-ova_heading\" data-id=\"fc6529e\" data-element_type=\"widget\" data-widget_type=\"ova_heading.default\">\n\t\t\t\t<div class=\"elementor-widget-container\">\n\t\t\t\t\t<div class=\"ova-heading\">\n\n\t\t\t\t\t\t\t<h4 class=\"sub_title thrid_font\">Dedicado a la recaudaci\u00f3n de fondos<\/h4>\n\t\t\t\t\t\t\n\t\t\t\t\t\t\t<h2 class=\"title second_font\">To help children and youth in Venezuela & USA, since 2003<\/h2>\n\t\t\t\n\t\t\t\n\t\t<\/div>\n\t\t\t\t<\/div>\n\t\t\t\t<\/div>\n\t\t\t\t<div class=\"elementor-element elementor-element-5debefa elementor-widget elementor-widget-text-editor\" data-id=\"5debefa\" data-element_type=\"widget\" data-widget_type=\"text-editor.default\">\n\t\t\t\t<div class=\"elementor-widget-container\">\n\t\t\t\t\t\t\t<p>As a tradition every Christmas season, a group of Latin friends meet annually to spend quality time in the \u201cCarlitos Jimenez\u201d Golf Tournament, which will be reaching its XXI edition this year.<\/p>\n<p>Se trata de una iniciativa que naci\u00f3 casualmente en 2003, una forma de pasar tiempo de calidad juntos en el campo durante sus dos primeros a\u00f1os, y que originalmente se llam\u00f3 \"Amigos Venezolanos\".<\/p>\n<p>No fue hasta su tercer a\u00f1o que surgi\u00f3 la idea de realizar el evento en beneficio de m\u00faltiples Escuelas y Hospitales Pedi\u00e1tricos de Venezuela, con el objetivo principal de ayudar a los ni\u00f1os de todas estas organizaciones recaudando fondos para su funcionamiento. El a\u00f1o pasado m\u00e1s de 160 jugadores participaron en el torneo de golf.<\/p>\n<p>El evento ha contado con la colaboraci\u00f3n de varios Empresarios. Esto no hubiera sido posible sin personalidades del \u00e1mbito deportivo y del \u00e1mbito art\u00edstico de la comunidad latina que se han unido para aportar su granito de arena a diferentes organizaciones como Hogar Bambi, Sociedad Amigos del Hospital de especialidades Pedi\u00e1tricas de Maracaibo (@Amigoshep), Fundaci\u00f3n Amigos del Ni\u00f1o con C\u00e1ncer (@amigosdelninoconcancer), entre muchas otras.<\/p>\n<p>The XXI Carlitos Golf Tournament will be taking place at the prestigious Trump National Doral, this upcoming Friday, December 15, 2023.<\/p>\t\t\t\t\t\t<\/div>\n\t\t\t\t<\/div>\n\t\t\t\t\t<\/div>\n\t\t<\/div>\n\t\t\t\t<div class=\"elementor-column elementor-col-50 elementor-top-column elementor-element elementor-element-7b5a25d\" data-id=\"7b5a25d\" data-element_type=\"column\">\n\t\t\t<div class=\"elementor-widget-wrap elementor-element-populated\">\n\t\t\t\t\t\t<div class=\"elementor-element elementor-element-22d762a elementor-widget__width-auto elementor-widget elementor-widget-image\" data-id=\"22d762a\" data-element_type=\"widget\" data-widget_type=\"image.default\">\n\t\t\t\t<div class=\"elementor-widget-container\">\n\t\t\t\t\t\t\t\t\t\t\t\t\t<img fetchpriority=\"high\" decoding=\"async\" width=\"1080\" height=\"1920\" src=\"https:\/\/www.fundaciontodosporlosninos.org\/wp-content\/uploads\/2021\/02\/23-torneo-de-golf.jpg\" class=\"attachment-full size-full wp-image-7347\" alt=\"\" srcset=\"https:\/\/www.fundaciontodosporlosninos.org\/wp-content\/uploads\/2021\/02\/23-torneo-de-golf.jpg 1080w, https:\/\/www.fundaciontodosporlosninos.org\/wp-content\/uploads\/2021\/02\/23-torneo-de-golf-169x300.jpg 169w, https:\/\/www.fundaciontodosporlosninos.org\/wp-content\/uploads\/2021\/02\/23-torneo-de-golf-576x1024.jpg 576w, https:\/\/www.fundaciontodosporlosninos.org\/wp-content\/uploads\/2021\/02\/23-torneo-de-golf-768x1365.jpg 768w, https:\/\/www.fundaciontodosporlosninos.org\/wp-content\/uploads\/2021\/02\/23-torneo-de-golf-864x1536.jpg 864w, https:\/\/www.fundaciontodosporlosninos.org\/wp-content\/uploads\/2021\/02\/23-torneo-de-golf-7x12.jpg 7w, https:\/\/www.fundaciontodosporlosninos.org\/wp-content\/uploads\/2021\/02\/23-torneo-de-golf-600x1067.jpg 600w\" sizes=\"(max-width: 1080px) 100vw, 1080px\" \/>\t\t\t\t\t\t\t\t\t\t\t\t\t<\/div>\n\t\t\t\t<\/div>\n\t\t\t\t\t<\/div>\n\t\t<\/div>\n\t\t\t\t\t<\/div>\n\t\t<\/section>\n\t\t\t\t<section class=\"elementor-section elementor-top-section elementor-element elementor-element-b5763c1 elementor-section-boxed elementor-section-height-default elementor-section-height-default\" data-id=\"b5763c1\" data-element_type=\"section\" data-settings=\"{&quot;background_background&quot;:&quot;classic&quot;}\">\n\t\t\t\t\t\t<div class=\"elementor-container elementor-column-gap-default\">\n\t\t\t\t\t<div class=\"elementor-column elementor-col-100 elementor-top-column elementor-element elementor-element-92850e5\" data-id=\"92850e5\" data-element_type=\"column\">\n\t\t\t<div class=\"elementor-widget-wrap elementor-element-populated\">\n\t\t\t\t\t\t<div class=\"elementor-element elementor-element-d25595e elementor-widget elementor-widget-ova_heading\" data-id=\"d25595e\" data-element_type=\"widget\" data-widget_type=\"ova_heading.default\">\n\t\t\t\t<div class=\"elementor-widget-container\">\n\t\t\t\t\t<div class=\"ova-heading\">\n\n\t\t\t\t\t\t\n\t\t\t\t\t\t\t<h2 class=\"title second_font\">Our Mission<\/h2>\n\t\t\t\n\t\t\t\n\t\t<\/div>\n\t\t\t\t<\/div>\n\t\t\t\t<\/div>\n\t\t\t\t<div class=\"elementor-element elementor-element-958e54c elementor-widget elementor-widget-text-editor\" data-id=\"958e54c\" data-element_type=\"widget\" data-widget_type=\"text-editor.default\">\n\t\t\t\t<div class=\"elementor-widget-container\">\n\t\t\t\t\t\t\t<p>Our mission, provide food, shelter, education and health care to children facing the humanitarian crisis in Venezuela and now in USA.<\/p>\t\t\t\t\t\t<\/div>\n\t\t\t\t<\/div>\n\t\t\t\t\t<\/div>\n\t\t<\/div>\n\t\t\t\t\t<\/div>\n\t\t<\/section>\n\t\t\t\t<section class=\"elementor-section elementor-top-section elementor-element elementor-element-c7c3bbf our-programs-overlay elementor-section-boxed elementor-section-height-default elementor-section-height-default\" data-id=\"c7c3bbf\" data-element_type=\"section\" data-settings=\"{&quot;background_background&quot;:&quot;classic&quot;}\">\n\t\t\t\t\t\t\t<div class=\"elementor-background-overlay\"><\/div>\n\t\t\t\t\t\t\t<div class=\"elementor-container elementor-column-gap-default\">\n\t\t\t\t\t<div class=\"elementor-column elementor-col-50 elementor-top-column elementor-element elementor-element-01e47ca\" data-id=\"01e47ca\" data-element_type=\"column\">\n\t\t\t<div class=\"elementor-widget-wrap elementor-element-populated\">\n\t\t\t\t\t\t<div class=\"elementor-element elementor-element-1a1297b elementor-widget elementor-widget-ova_heading\" data-id=\"1a1297b\" data-element_type=\"widget\" data-widget_type=\"ova_heading.default\">\n\t\t\t\t<div class=\"elementor-widget-container\">\n\t\t\t\t\t<div class=\"ova-heading\">\n\n\t\t\t\t\t\t\t<h4 class=\"sub_title thrid_font\">Nuestros programas<\/h4>\n\t\t\t\t\t\t\n\t\t\t\t\t\t\t<h2 class=\"title second_font\">Puedes ayudarnos a cambiar la vida de una persona mediante una donaci\u00f3n<\/h2>\n\t\t\t\n\t\t\t\n\t\t<\/div>\n\t\t\t\t<\/div>\n\t\t\t\t<\/div>\n\t\t\t\t<div class=\"elementor-element elementor-element-825e673 elementor-widget elementor-widget-ova_list_icon\" data-id=\"825e673\" data-element_type=\"widget\" data-widget_type=\"ova_list_icon.default\">\n\t\t\t\t<div class=\"elementor-widget-container\">\n\t\t\t\t\t\n\t\t\t\t\t<div class=\"ova-list-icon\" >\n\t\t\t\t\t\t\t\t\t<ul class=\"v2\">\n\t\t\t\t\t\t\t\t\t\t\t\t\t<li class=\"elementor-repeater-item-71e7b21\">\n\t\t\t\t\t\t\t\t<div class=\"icon-box\">\n\t\t\t\t\t\t\t\t\t<span class=\"fa fa-heart\"><\/span>\n\t\t\t\t\t\t\t\t<\/div>\n\t\t\t\t\t\t\t\t<div class=\"text\">\n\t\t\t\t\t\t\t\t\t<p>Salud<\/p>\n\t\t\t\t\t\t\t\t<\/div>\n\t\t\t\t\t\t\t<\/li>\n\t\t\t\t\t\t\t\t\t\t\t\t\t<li class=\"elementor-repeater-item-c6060ac\">\n\t\t\t\t\t\t\t\t<div class=\"icon-box\">\n\t\t\t\t\t\t\t\t\t<span class=\"fa fa-utensils\"><\/span>\n\t\t\t\t\t\t\t\t<\/div>\n\t\t\t\t\t\t\t\t<div class=\"text\">\n\t\t\t\t\t\t\t\t\t<p>Nutrici\u00f3n<\/p>\n\t\t\t\t\t\t\t\t<\/div>\n\t\t\t\t\t\t\t<\/li>\n\t\t\t\t\t\t\t\t\t\t\t\t\t<li class=\"elementor-repeater-item-15e4ff4\">\n\t\t\t\t\t\t\t\t<div class=\"icon-box\">\n\t\t\t\t\t\t\t\t\t<span class=\"fa fa-book-open\"><\/span>\n\t\t\t\t\t\t\t\t<\/div>\n\t\t\t\t\t\t\t\t<div class=\"text\">\n\t\t\t\t\t\t\t\t\t<p>Educaci\u00f3n<\/p>\n\t\t\t\t\t\t\t\t<\/div>\n\t\t\t\t\t\t\t<\/li>\n\t\t\t\t\t\t\t\t\t\t\t<\/ul>\n\t\t\t\t\t\t\t<\/div>\n\t\t\t\t<\/div>\n\t\t\t\t<\/div>\n\t\t\t\t\t<\/div>\n\t\t<\/div>\n\t\t\t\t<div class=\"elementor-column elementor-col-50 elementor-top-column elementor-element elementor-element-0103e13\" data-id=\"0103e13\" data-element_type=\"column\">\n\t\t\t<div class=\"elementor-widget-wrap\">\n\t\t\t\t\t\t\t<\/div>\n\t\t<\/div>\n\t\t\t\t\t<\/div>\n\t\t<\/section>\n\t\t\t\t<section class=\"elementor-section elementor-top-section elementor-element elementor-element-4e52c4f elementor-section-boxed elementor-section-height-default elementor-section-height-default\" data-id=\"4e52c4f\" data-element_type=\"section\" data-settings=\"{&quot;background_background&quot;:&quot;classic&quot;}\">\n\t\t\t\t\t\t<div class=\"elementor-container elementor-column-gap-default\">\n\t\t\t\t\t<div class=\"elementor-column elementor-col-100 elementor-top-column elementor-element elementor-element-c65bb82\" data-id=\"c65bb82\" data-element_type=\"column\">\n\t\t\t<div class=\"elementor-widget-wrap elementor-element-populated\">\n\t\t\t\t\t\t<div class=\"elementor-element elementor-element-9a2164f elementor-widget elementor-widget-ova_heading\" data-id=\"9a2164f\" data-element_type=\"widget\" data-widget_type=\"ova_heading.default\">\n\t\t\t\t<div class=\"elementor-widget-container\">\n\t\t\t\t\t<div class=\"ova-heading\">\n\n\t\t\t\t\t\t\t<h4 class=\"sub_title thrid_font\">TORNEO DE GOLF \"CARLITOS JIMENEZ\"<\/h4>\n\t\t\t\t\t\t\n\t\t\t\t\t\t\t<h2 class=\"title second_font\">Conexiones Enero 2021<\/h2>\n\t\t\t\n\t\t\t\n\t\t<\/div>\n\t\t\t\t<\/div>\n\t\t\t\t<\/div>\n\t\t\t\t<div class=\"elementor-element elementor-element-b287450 elementor-align-center elementor-widget elementor-widget-button\" data-id=\"b287450\" data-element_type=\"widget\" data-widget_type=\"button.default\">\n\t\t\t\t<div class=\"elementor-widget-container\">\n\t\t\t\t\t\t\t<div class=\"elementor-button-wrapper\">\n\t\t\t\t\t<a class=\"elementor-button elementor-button-link elementor-size-lg\" href=\"\/es\/conexiones-enero-2021-2\/\">\n\t\t\t\t\t\t<span class=\"elementor-button-content-wrapper\">\n\t\t\t\t\t\t\t\t\t<span class=\"elementor-button-text\">LEER ART\u00cdCULO<\/span>\n\t\t\t\t\t<\/span>\n\t\t\t\t\t<\/a>\n\t\t\t\t<\/div>\n\t\t\t\t\t\t<\/div>\n\t\t\t\t<\/div>\n\t\t\t\t\t<\/div>\n\t\t<\/div>\n\t\t\t\t\t<\/div>\n\t\t<\/section>\n\t\t\t\t<section class=\"elementor-section elementor-top-section elementor-element elementor-element-26cb152 elementor-section-boxed elementor-section-height-default elementor-section-height-default\" data-id=\"26cb152\" data-element_type=\"section\" data-settings=\"{&quot;background_background&quot;:&quot;classic&quot;}\">\n\t\t\t\t\t\t<div class=\"elementor-container elementor-column-gap-default\">\n\t\t\t\t\t<div class=\"elementor-column elementor-col-100 elementor-top-column elementor-element elementor-element-b8de3ae\" data-id=\"b8de3ae\" data-element_type=\"column\">\n\t\t\t<div class=\"elementor-widget-wrap elementor-element-populated\">\n\t\t\t\t\t\t<div class=\"elementor-element elementor-element-e9c734e elementor-widget elementor-widget-ova_heading\" data-id=\"e9c734e\" data-element_type=\"widget\" data-widget_type=\"ova_heading.default\">\n\t\t\t\t<div class=\"elementor-widget-container\">\n\t\t\t\t\t<div class=\"ova-heading\">\n\n\t\t\t\t\t\t\t<h4 class=\"sub_title thrid_font\">Organizaciones<\/h4>\n\t\t\t\t\t\t\n\t\t\t\t\t\t\t<h2 class=\"title second_font\">Hemos ayudado<\/h2>\n\t\t\t\n\t\t\t\n\t\t<\/div>\n\t\t\t\t<\/div>\n\t\t\t\t<\/div>\n\t\t\t\t\t<\/div>\n\t\t<\/div>\n\t\t\t\t\t<\/div>\n\t\t<\/section>\n\t\t\t\t<section class=\"elementor-section elementor-top-section elementor-element elementor-element-a127d4e elementor-section-boxed elementor-section-height-default elementor-section-height-default\" data-id=\"a127d4e\" data-element_type=\"section\">\n\t\t\t\t\t\t<div class=\"elementor-container elementor-column-gap-default\">\n\t\t\t\t\t<div class=\"elementor-column elementor-col-50 elementor-top-column elementor-element elementor-element-9814664\" data-id=\"9814664\" data-element_type=\"column\">\n\t\t\t<div class=\"elementor-widget-wrap elementor-element-populated\">\n\t\t\t\t\t\t<div class=\"elementor-element elementor-element-c5079f0 elementor-widget elementor-widget-ova_list_icon\" data-id=\"c5079f0\" data-element_type=\"widget\" data-widget_type=\"ova_list_icon.default\">\n\t\t\t\t<div class=\"elementor-widget-container\">\n\t\t\t\t\t\n\t\t\t\t\t<div class=\"ova-list-icon\" >\n\t\t\t\t\t\t\t\t\t<ul class=\"v1\">\n\t\t\t\t\t\t\t\t\t\t\t\t\t<li class=\"elementor-repeater-item-c7e10a5\">\n\t\t\t\t\t\t\t\t<span class=\"icon-confirmation\"><\/span>\n\t\t\t\t\t\t\t\tFUNDANICA (Fundaci\u00f3n amigos del ni\u00f1o con c\u00e1ncer)\t\t\t\t\t\t\t<\/li>\n\t\t\t\t\t\t\t\t\t\t\t\t\t<li class=\"elementor-repeater-item-503816a\">\n\t\t\t\t\t\t\t\t<span class=\"icon-confirmation\"><\/span>\n\t\t\t\t\t\t\t\tHospital de Especialidades Pedi\u00e1tricas\t\t\t\t\t\t\t<\/li>\n\t\t\t\t\t\t\t\t\t\t\t\t\t<li class=\"elementor-repeater-item-fd8bb8d\">\n\t\t\t\t\t\t\t\t<span class=\"icon-confirmation\"><\/span>\n\t\t\t\t\t\t\t\tAcadne (Asociaci\u00f3n Amigos del Ni\u00f1o Especial)\t\t\t\t\t\t\t<\/li>\n\t\t\t\t\t\t\t\t\t\t\t\t\t<li class=\"elementor-repeater-item-2a1d770\">\n\t\t\t\t\t\t\t\t<span class=\"icon-confirmation\"><\/span>\n\t\t\t\t\t\t\t\tHogar Cl\u00ednica San Rafael\t\t\t\t\t\t\t<\/li>\n\t\t\t\t\t\t\t\t\t\t\t\t\t<li class=\"elementor-repeater-item-1281877\">\n\t\t\t\t\t\t\t\t<span class=\"icon-confirmation\"><\/span>\n\t\t\t\t\t\t\t\tEscuelas Arquidiocesanas\t\t\t\t\t\t\t<\/li>\n\t\t\t\t\t\t\t\t\t\t\t\t\t<li class=\"elementor-repeater-item-00ac127\">\n\t\t\t\t\t\t\t\t<span class=\"icon-confirmation\"><\/span>\n\t\t\t\t\t\t\t\tFundaci\u00f3n \u00c1ngeles del Camino\t\t\t\t\t\t\t<\/li>\n\t\t\t\t\t\t\t\t\t\t\t<\/ul>\n\t\t\t\t\t\t\t<\/div>\n\t\t\t\t<\/div>\n\t\t\t\t<\/div>\n\t\t\t\t\t<\/div>\n\t\t<\/div>\n\t\t\t\t<div class=\"elementor-column elementor-col-50 elementor-top-column elementor-element elementor-element-6ec90ca\" data-id=\"6ec90ca\" data-element_type=\"column\">\n\t\t\t<div class=\"elementor-widget-wrap elementor-element-populated\">\n\t\t\t\t\t\t<div class=\"elementor-element elementor-element-c73299c elementor-widget elementor-widget-ova_list_icon\" data-id=\"c73299c\" data-element_type=\"widget\" data-widget_type=\"ova_list_icon.default\">\n\t\t\t\t<div class=\"elementor-widget-container\">\n\t\t\t\t\t\n\t\t\t\t\t<div class=\"ova-list-icon\" >\n\t\t\t\t\t\t\t\t\t<ul class=\"v1\">\n\t\t\t\t\t\t\t\t\t\t\t\t\t<li class=\"elementor-repeater-item-c7e10a5\">\n\t\t\t\t\t\t\t\t<span class=\"icon-confirmation\"><\/span>\n\t\t\t\t\t\t\t\tHogar Bambi\t\t\t\t\t\t\t<\/li>\n\t\t\t\t\t\t\t\t\t\t\t\t\t<li class=\"elementor-repeater-item-503816a\">\n\t\t\t\t\t\t\t\t<span class=\"icon-confirmation\"><\/span>\n\t\t\t\t\t\t\t\tFundaci\u00f3n Innocens\t\t\t\t\t\t\t<\/li>\n\t\t\t\t\t\t\t\t\t\t\t\t\t<li class=\"elementor-repeater-item-fd8bb8d\">\n\t\t\t\t\t\t\t\t<span class=\"icon-confirmation\"><\/span>\n\t\t\t\t\t\t\t\tFundaci\u00f3n Hogar Santa Ana\t\t\t\t\t\t\t<\/li>\n\t\t\t\t\t\t\t\t\t\t\t\t\t<li class=\"elementor-repeater-item-2a1d770\">\n\t\t\t\t\t\t\t\t<span class=\"icon-confirmation\"><\/span>\n\t\t\t\t\t\t\t\tFundaci\u00f3n Stapedium\t\t\t\t\t\t\t<\/li>\n\t\t\t\t\t\t\t\t\t\t\t\t\t<li class=\"elementor-repeater-item-1281877\">\n\t\t\t\t\t\t\t\t<span class=\"icon-confirmation\"><\/span>\n\t\t\t\t\t\t\t\tFundaci\u00f3n Fe y Alegr\u00eda\t\t\t\t\t\t\t<\/li>\n\t\t\t\t\t\t\t\t\t\t\t\t\t<li class=\"elementor-repeater-item-00ac127\">\n\t\t\t\t\t\t\t\t<span class=\"icon-confirmation\"><\/span>\n\t\t\t\t\t\t\t\tFundaci\u00f3n \u00c1ngeles del Camino\t\t\t\t\t\t\t<\/li>\n\t\t\t\t\t\t\t\t\t\t\t<\/ul>\n\t\t\t\t\t\t\t<\/div>\n\t\t\t\t<\/div>\n\t\t\t\t<\/div>\n\t\t\t\t\t<\/div>\n\t\t<\/div>\n\t\t\t\t\t<\/div>\n\t\t<\/section>\n\t\t\t\t<section class=\"elementor-section elementor-top-section elementor-element elementor-element-826e03d elementor-section-boxed elementor-section-height-default elementor-section-height-default\" data-id=\"826e03d\" data-element_type=\"section\" data-settings=\"{&quot;background_background&quot;:&quot;classic&quot;}\">\n\t\t\t\t\t\t<div class=\"elementor-container elementor-column-gap-default\">\n\t\t\t\t\t<div class=\"elementor-column elementor-col-50 elementor-top-column elementor-element elementor-element-63066a1\" data-id=\"63066a1\" data-element_type=\"column\">\n\t\t\t<div class=\"elementor-widget-wrap elementor-element-populated\">\n\t\t\t\t\t\t<div class=\"elementor-element elementor-element-48f6bd5 elementor-widget elementor-widget-ova_heading\" data-id=\"48f6bd5\" data-element_type=\"widget\" data-widget_type=\"ova_heading.default\">\n\t\t\t\t<div class=\"elementor-widget-container\">\n\t\t\t\t\t<div class=\"ova-heading\">\n\n\t\t\t\t\t\t\t<h4 class=\"sub_title thrid_font\">Ayudar a las personas necesitadas<\/h4>\n\t\t\t\t\t\t\n\t\t\t\t\t\t\t<h2 class=\"title second_font\">Hazte voluntario ahora<\/h2>\n\t\t\t\n\t\t\t\n\t\t<\/div>\n\t\t\t\t<\/div>\n\t\t\t\t<\/div>\n\t\t\t\t\t<\/div>\n\t\t<\/div>\n\t\t\t\t<div class=\"elementor-column elementor-col-50 elementor-top-column elementor-element elementor-element-036c865\" data-id=\"036c865\" data-element_type=\"column\">\n\t\t\t<div class=\"elementor-widget-wrap elementor-element-populated\">\n\t\t\t\t\t\t<div class=\"elementor-element elementor-element-d6291d3 elementor-align-right elementor-tablet-align-center elementor-widget elementor-widget-button\" data-id=\"d6291d3\" data-element_type=\"widget\" data-widget_type=\"button.default\">\n\t\t\t\t<div class=\"elementor-widget-container\">\n\t\t\t\t\t\t\t<div class=\"elementor-button-wrapper\">\n\t\t\t\t\t<a class=\"elementor-button elementor-button-link elementor-size-md\" href=\"\/es\/get-involved\/\">\n\t\t\t\t\t\t<span class=\"elementor-button-content-wrapper\">\n\t\t\t\t\t\t\t\t\t<span class=\"elementor-button-text\">Invol\u00facrate<\/span>\n\t\t\t\t\t<\/span>\n\t\t\t\t\t<\/a>\n\t\t\t\t<\/div>\n\t\t\t\t\t\t<\/div>\n\t\t\t\t<\/div>\n\t\t\t\t\t<\/div>\n\t\t<\/div>\n\t\t\t\t\t<\/div>\n\t\t<\/section>\n\t\t\t\t<\/div>","protected":false},"excerpt":{"rendered":"<p>\u201cCARLITOS JIMENEZ\u201d Golf Tournament Dedicated to raising funds To help children and youth in Venezuela &#038; USA, since 2003 As a tradition every Christmas season, a group of Latin friends meet annually to spend quality time in the \u201cCarlitos Jimenez\u201d Golf Tournament, which will be reaching its XXI edition this year. This was an initiative [&hellip;]<\/p>","protected":false},"author":1,"featured_media":0,"parent":0,"menu_order":0,"comment_status":"closed","ping_status":"closed","template":"elementor_header_footer","meta":{"give_campaign_id":0,"footnotes":""},"class_list":["post-3065","page","type-page","status-publish","hentry"],"campaignId":"","_links":{"self":[{"href":"https:\/\/www.fundaciontodosporlosninos.org\/es\/wp-json\/wp\/v2\/pages\/3065","targetHints":{"allow":["GET"]}}],"collection":[{"href":"https:\/\/www.fundaciontodosporlosninos.org\/es\/wp-json\/wp\/v2\/pages"}],"about":[{"href":"https:\/\/www.fundaciontodosporlosninos.org\/es\/wp-json\/wp\/v2\/types\/page"}],"author":[{"embeddable":true,"href":"https:\/\/www.fundaciontodosporlosninos.org\/es\/wp-json\/wp\/v2\/users\/1"}],"replies":[{"embeddable":true,"href":"https:\/\/www.fundaciontodosporlosninos.org\/es\/wp-json\/wp\/v2\/comments?post=3065"}],"version-history":[{"count":91,"href":"https:\/\/www.fundaciontodosporlosninos.org\/es\/wp-json\/wp\/v2\/pages\/3065\/revisions"}],"predecessor-version":[{"id":7399,"href":"https:\/\/www.fundaciontodosporlosninos.org\/es\/wp-json\/wp\/v2\/pages\/3065\/revisions\/7399"}],"wp:attachment":[{"href":"https:\/\/www.fundaciontodosporlosninos.org\/es\/wp-json\/wp\/v2\/media?parent=3065"}],"curies":[{"name":"wp","href":"https:\/\/api.w.org\/{rel}","templated":true}]}}